{"id":4695,"date":"2023-06-09T17:18:21","date_gmt":"2023-06-09T17:18:21","guid":{"rendered":"https:\/\/myecobuild.csustentavel.com\/?page_id=4695"},"modified":"2023-06-09T17:19:02","modified_gmt":"2023-06-09T17:19:02","slug":"equipamentos","status":"publish","type":"page","link":"https:\/\/myecobuild.csustentavel.com\/es\/janelas\/equipamentos\/","title":{"rendered":"EQUIPO"},"content":{"rendered":"[vc_row][vc_column][vc_raw_html]JTNDYSUyMGhyZWYlM0QlMjJodHRwJTNBJTJGJTJGbXllY29idWlsZC5jc3VzdGVudGF2ZWwuY29tJTJGJTIyJTNFJTNDJTIwQXRyJUMzJUExcyUzQyUyRmElM0U=[\/vc_raw_html][\/vc_column][\/vc_row][vc_row fullwidth=\u00bbtrue\u00bb][vc_column width=\u00bb1\/2&#8243;][mk_fancy_title color=\u00bb#000000&#8243; size=\u00bb20&#8243; line_height=\u00bb135&#8243; txt_transform=\u00bbnone\u00bb font_family=\u00bbnone\u00bb align=\u00bbcenter\u00bb]El futuro de la sostenibilidad es m\u00e1s eficiente energ\u00e9ticamente d\u00eda tras d\u00eda. Optar por soluciones y equipos con alto ahorro energ\u00e9tico le permite minimizar su consumo y evitar el despilfarro, adem\u00e1s de reducir los costes de electricidad, mejorando los niveles de confort y calidad de vida.<br \/>\n[\/mk_fancy_title][\/vc_column][vc_column width=\u00bb1\/2&#8243;]<div class='ult_hotspot_container ult-adjust-bottom-margin ult-hotspot-tooltip-wrapper ' style=>  <img class='ult_hotspot_image' src=https:\/\/myecobuild.csustentavel.com\/wp-content\/uploads\/2023\/06\/artboard-121.png alt='null'\/>     <div class='utl-hotspot-items ult-hotspot-item'><div class='ult-hotspot-item ' style='top:-webkit-calc(32.332251082251084% - 20px);top:-moz-calc(32.332251082251084% - 20px);top:calc(32.332251082251084% - 20px);left: -webkit-calc(42.201834862385326% - 20px);left: -moz-calc(42.201834862385326% - 20px);left: calc(42.201834862385326% - 20px);' >  <div style='z-index: 39;position: relative;'>   <a data-link_style='tootip' data-mycust-id=\"hotspot-tooltip-2653\"  data-ultimate-target='#hotspot-tooltip-2653 .ult-tooltipster-content'  data-responsive-json-new='{\"font-size\":\"desktop:18px;\",\"line-height\":\"\"}' data-tooltip-content-style=\"width:300px;padding:5px;\"data-tooltip-base-style=\"background-color:#f7f9f2;color:#4c4c4c;text-align:center;\" data-bubble-arrow=\"true\" data-tooltipanimation=\"glow\"data-trigger=\"click\"data-tooltip-offsety=\"20\" class='ult-tooltipstered ult-hotspot-tooltip' href='#' data-status='show'><div class=\"ult-just-icon-wrapper  \"><div class=\"align-icon\" style=\"text-align:center;\">\n<div class=\"aio-icon  \"  style=\"color:#f43711;font-size:40px;display:inline-block;\">\n\t<i class=\"Defaults-map-marker\"><\/i>\n<\/div><\/div><\/div><span class='hotspot-tooltip-content'>\n&lt;h5 style=&#039;text-align: center;&#039;&gt;&lt;strong&gt;GREEN-UP&lt;\/strong&gt;&lt;\/h5&gt;\n&lt;p style=&#039;text-align: center;&#039;&gt;&lt;a href=&#039;https:\/\/myecobuild.csustentavel.com\/es\/empresas-eficiencia-energetica\/&#039;&gt;Ver empresas&lt;\/a&gt;&lt;\/p&gt;\n&lt;p&gt;<\/span>  <\/a> <\/div><!-- ICON WRAP --> <div class='ult-glow' style=&quot;background-color:#eeee22&quot;><\/div><\/div><div class='ult-hotspot-item ' style='top:-webkit-calc(0.07102272727272728% - 10px);top:-moz-calc(0.07102272727272728% - 10px);top:calc(0.07102272727272728% - 10px);left: -webkit-calc(58.71559633027523% - 10px);left: -moz-calc(58.71559633027523% - 10px);left: calc(58.71559633027523% - 10px);' >  <div style='z-index: 39;position: relative;'>   <a data-link_style='tootip' data-mycust-id=\"hotspot-tooltip-6492\"  data-ultimate-target='#hotspot-tooltip-6492 .ult-tooltipster-content'  data-responsive-json-new='{\"font-size\":\"desktop:18px;\",\"line-height\":\"\"}' data-tooltip-content-style=\"width:300px;padding:5px;\"data-tooltip-base-style=\"background-color:#f7f9f2;color:#4c4c4c;text-align:center;\" data-bubble-arrow=\"true\" data-tooltipanimation=\"glow\"data-trigger=\"click\"data-tooltip-offsety=\"10\" class='ult-tooltipstered ult-hotspot-tooltip' href='#' data-status='show'><div class=\"ult-just-icon-wrapper  \"><div class=\"align-icon\" style=\"text-align:center;\">\n<div class=\"aio-icon  \"  style=\"color:#33a83b;font-size:20px;display:inline-block;\">\n\t<i class=\"Defaults-map-marker\"><\/i>\n<\/div><\/div><\/div><span class='hotspot-tooltip-content'>&lt;\/p&gt;\n&lt;h5 style=&#039;text-align: center;&#039;&gt;&lt;strong&gt;AISLAMIENTO EN CORCHO&lt;\/strong&gt;&lt;\/h5&gt;\n&lt;p style=&#039;text-align: center;&#039;&gt;&lt;a href=&#039;https:\/\/myecobuild.csustentavel.com\/es\/paredes-exteriores\/isolamento\/empresas-cortica\/&#039;&gt;Ver empresas&lt;\/a&gt;&lt;\/p&gt;\n&lt;p&gt;<\/span>  <\/a> <\/div><!-- ICON WRAP --><\/div><div class='ult-hotspot-item ' style='top:-webkit-calc(59.84848484848485% - 10px);top:-moz-calc(59.84848484848485% - 10px);top:calc(59.84848484848485% - 10px);left: -webkit-calc(50.917431192660544% - 10px);left: -moz-calc(50.917431192660544% - 10px);left: calc(50.917431192660544% - 10px);' >  <div style='z-index: 39;position: relative;'>   <a data-link_style='tootip' data-mycust-id=\"hotspot-tooltip-6741\"  data-ultimate-target='#hotspot-tooltip-6741 .ult-tooltipster-content'  data-responsive-json-new='{\"font-size\":\"desktop:18px;\",\"line-height\":\"\"}' data-tooltip-content-style=\"width:300px;padding:5px;\"data-tooltip-base-style=\"background-color:#f7f9f2;color:#4c4c4c;text-align:center;\" data-bubble-arrow=\"true\" data-tooltipanimation=\"glow\"data-trigger=\"click\"data-tooltip-offsety=\"10\" class='ult-tooltipstered ult-hotspot-tooltip' href='#' data-status='show'><div class=\"ult-just-icon-wrapper  \"><div class=\"align-icon\" style=\"text-align:center;\">\n<div class=\"aio-icon  \"  style=\"color:#33a83b;font-size:20px;display:inline-block;\">\n\t<i class=\"Defaults-map-marker\"><\/i>\n<\/div><\/div><\/div><span class='hotspot-tooltip-content'>&lt;\/p&gt;\n&lt;h5 style=&#039;text-align: center;&#039;&gt;&lt;strong&gt;CAJAS BATIBOX&lt;\/strong&gt;&lt;\/h5&gt;\n&lt;p style=&#039;text-align: center;&#039;&gt;&lt;a href=&#039;https:\/\/myecobuild.csustentavel.com\/es\/empresas-eficiencia-energetica\/&#039;&gt;Ver empresas&lt;\/a&gt;&lt;\/p&gt;\n&lt;p&gt;<\/span>  <\/a> <\/div><!-- ICON WRAP --><\/div><div class='ult-hotspot-item ' style='top:-webkit-calc(66.12892316017316% - 10px);top:-moz-calc(66.12892316017316% - 10px);top:calc(66.12892316017316% - 10px);left: -webkit-calc(26.376146788990823% - 10px);left: -moz-calc(26.376146788990823% - 10px);left: calc(26.376146788990823% - 10px);' >  <div style='z-index: 39;position: relative;'>   <a data-link_style='tootip' data-mycust-id=\"hotspot-tooltip-9631\"  data-ultimate-target='#hotspot-tooltip-9631 .ult-tooltipster-content'  data-responsive-json-new='{\"font-size\":\"desktop:18px;\",\"line-height\":\"\"}' data-tooltip-content-style=\"width:300px;padding:5px;\"data-tooltip-base-style=\"background-color:#f7f9f2;color:#4c4c4c;text-align:center;\" data-bubble-arrow=\"true\" data-tooltipanimation=\"glow\"data-trigger=\"click\"data-tooltip-offsety=\"10\" class='ult-tooltipstered ult-hotspot-tooltip' href='#' data-status='show'><div class=\"ult-just-icon-wrapper  \"><div class=\"align-icon\" style=\"text-align:center;\">\n<div class=\"aio-icon  \"  style=\"color:#33a83b;font-size:20px;display:inline-block;\">\n\t<i class=\"Defaults-map-marker\"><\/i>\n<\/div><\/div><\/div><span class='hotspot-tooltip-content'>&lt;\/p&gt;\n&lt;h5 style=&#039;text-align: center;&#039;&gt;&lt;strong&gt;PAVIMENTO DE CER\u00c1MICA&lt;\/strong&gt;&lt;\/h5&gt;\n&lt;p style=&#039;text-align: center;&#039;&gt;&lt;a href=&#039;https:\/\/myecobuild.csustentavel.com\/es\/empresas-pavimentos-interior-ceramicos\/&#039;&gt;Ver empresas&lt;\/a&gt;&lt;\/p&gt;\n&lt;p&gt;<\/span>  <\/a> <\/div><!-- ICON WRAP --><\/div><div class='ult-hotspot-item ' style='top:-webkit-calc(83.22172619047619% - 10px);top:-moz-calc(83.22172619047619% - 10px);top:calc(83.22172619047619% - 10px);left: -webkit-calc(39.22018348623853% - 10px);left: -moz-calc(39.22018348623853% - 10px);left: calc(39.22018348623853% - 10px);' >  <div style='z-index: 39;position: relative;'>   <a data-link_style='tootip' data-mycust-id=\"hotspot-tooltip-4966\"  data-ultimate-target='#hotspot-tooltip-4966 .ult-tooltipster-content'  data-responsive-json-new='{\"font-size\":\"desktop:18px;\",\"line-height\":\"\"}' data-tooltip-content-style=\"width:300px;padding:5px;\"data-tooltip-base-style=\"background-color:#f7f9f2;color:#4c4c4c;text-align:center;\" data-bubble-arrow=\"true\" data-tooltipanimation=\"glow\"data-trigger=\"click\"data-tooltip-offsety=\"10\" class='ult-tooltipstered ult-hotspot-tooltip' href='#' data-status='show'><div class=\"ult-just-icon-wrapper  \"><div class=\"align-icon\" style=\"text-align:center;\">\n<div class=\"aio-icon  \"  style=\"color:#33a83b;font-size:20px;display:inline-block;\">\n\t<i class=\"Defaults-map-marker\"><\/i>\n<\/div><\/div><\/div><span class='hotspot-tooltip-content'>&lt;\/p&gt;\n&lt;h5 style=&#039;text-align: center;&#039;&gt;&lt;strong&gt;PLACA DE YESO&lt;\/strong&gt;&lt;\/h5&gt;\n&lt;p style=&#039;text-align: center;&#039;&gt;&lt;a href=&#039;https:\/\/myecobuild.csustentavel.com\/es\/paredes-interiores\/estrutura-interior\/empresas-perfis-de-aco-e-placa-de-gesso\/&#039;&gt;Ver empresas&lt;\/a&gt;&lt;\/p&gt;\n&lt;p&gt;<\/span>  <\/a> <\/div><!-- ICON WRAP --><\/div>\n<\/div>     <div style='color:#000;' data-image='    '><\/div><\/div>[\/vc_column][\/vc_row][vc_row fullwidth=\u00bbtrue\u00bb][vc_column width=\u00bb1\/2&#8243;][\/vc_column][vc_column width=\u00bb1\/2&#8243;]<div class='ult_hotspot_container ult-adjust-bottom-margin ult-hotspot-tooltip-wrapper ' style=>  <img class='ult_hotspot_image' src=https:\/\/myecobuild.csustentavel.com\/wp-content\/uploads\/2023\/06\/artboard-122.png alt='null'\/>     <div class='utl-hotspot-items ult-hotspot-item'><div class='ult-hotspot-item ' style='top:-webkit-calc(50.58847402597403% - 20px);top:-moz-calc(50.58847402597403% - 20px);top:calc(50.58847402597403% - 20px);left: -webkit-calc(57.798165137614674% - 20px);left: -moz-calc(57.798165137614674% - 20px);left: calc(57.798165137614674% - 20px);' >  <div style='z-index: 39;position: relative;'>   <a data-link_style='tootip' data-mycust-id=\"hotspot-tooltip-5868\"  data-ultimate-target='#hotspot-tooltip-5868 .ult-tooltipster-content'  data-responsive-json-new='{\"font-size\":\"desktop:18px;\",\"line-height\":\"\"}' data-tooltip-content-style=\"width:300px;padding:5px;\"data-tooltip-base-style=\"background-color:#f7f9f2;color:#4c4c4c;text-align:center;\" data-bubble-arrow=\"true\" data-tooltipanimation=\"glow\"data-trigger=\"click\"data-tooltip-offsety=\"20\" class='ult-tooltipstered ult-hotspot-tooltip' href='#' data-status='show'><div class=\"ult-just-icon-wrapper  \"><div class=\"align-icon\" style=\"text-align:center;\">\n<div class=\"aio-icon  \"  style=\"color:#f43711;font-size:40px;display:inline-block;\">\n\t<i class=\"Defaults-map-marker\"><\/i>\n<\/div><\/div><\/div><span class='hotspot-tooltip-content'>\n&lt;h5 style=&#039;text-align: center;&#039;&gt;&lt;strong&gt;LIVINGNOW CON NETATMO&lt;\/strong&gt;&lt;\/h5&gt;\n&lt;p style=&#039;text-align: center;&#039;&gt;&lt;a href=&#039;https:\/\/myecobuild.csustentavel.com\/es\/empresas-eficiencia-energetica\/&#039;&gt;Ver empresas&lt;\/a&gt;&lt;\/p&gt;\n&lt;p&gt;<\/span>  <\/a> <\/div><!-- ICON WRAP --> <div class='ult-glow' style=&quot;background-color:#eeee22&quot;><\/div><\/div><div class='ult-hotspot-item ' style='top:-webkit-calc(12.215909090909092% - 10px);top:-moz-calc(12.215909090909092% - 10px);top:calc(12.215909090909092% - 10px);left: -webkit-calc(47.706422018348626% - 10px);left: -moz-calc(47.706422018348626% - 10px);left: calc(47.706422018348626% - 10px);' >  <div style='z-index: 39;position: relative;'>   <a data-link_style='tootip' data-mycust-id=\"hotspot-tooltip-5901\"  data-ultimate-target='#hotspot-tooltip-5901 .ult-tooltipster-content'  data-responsive-json-new='{\"font-size\":\"desktop:18px;\",\"line-height\":\"\"}' data-tooltip-content-style=\"width:300px;padding:5px;\"data-tooltip-base-style=\"background-color:#f7f9f2;color:#4c4c4c;text-align:center;\" data-bubble-arrow=\"true\" data-tooltipanimation=\"glow\"data-trigger=\"click\"data-tooltip-offsety=\"10\" class='ult-tooltipstered ult-hotspot-tooltip' href='#' data-status='show'><div class=\"ult-just-icon-wrapper  \"><div class=\"align-icon\" style=\"text-align:center;\">\n<div class=\"aio-icon  \"  style=\"color:#33a83b;font-size:20px;display:inline-block;\">\n\t<i class=\"Defaults-map-marker\"><\/i>\n<\/div><\/div><\/div><span class='hotspot-tooltip-content'>&lt;\/p&gt;\n&lt;h5 style=&#039;text-align: center;&#039;&gt;&lt;strong&gt;AISLAMIENTO EN CORCHO&lt;\/strong&gt;&lt;\/h5&gt;\n&lt;p style=&#039;text-align: center;&#039;&gt;&lt;a href=&#039;https:\/\/myecobuild.csustentavel.com\/es\/paredes-exteriores\/isolamento\/empresas-cortica\/&#039;&gt;Ver empresas&lt;\/a&gt;&lt;\/p&gt;\n&lt;p&gt;<\/span>  <\/a> <\/div><!-- ICON WRAP --><\/div><div class='ult-hotspot-item ' style='top:-webkit-calc(28.57142857142857% - 10px);top:-moz-calc(28.57142857142857% - 10px);top:calc(28.57142857142857% - 10px);left: -webkit-calc(63.07339449541285% - 10px);left: -moz-calc(63.07339449541285% - 10px);left: calc(63.07339449541285% - 10px);' >  <div style='z-index: 39;position: relative;'>   <a data-link_style='tootip' data-mycust-id=\"hotspot-tooltip-9223\"  data-ultimate-target='#hotspot-tooltip-9223 .ult-tooltipster-content'  data-responsive-json-new='{\"font-size\":\"desktop:18px;\",\"line-height\":\"\"}' data-tooltip-content-style=\"width:300px;padding:5px;\"data-tooltip-base-style=\"background-color:#f7f9f2;color:#4c4c4c;text-align:center;\" data-bubble-arrow=\"true\" data-tooltipanimation=\"glow\"data-trigger=\"click\"data-tooltip-offsety=\"10\" class='ult-tooltipstered ult-hotspot-tooltip' href='#' data-status='show'><div class=\"ult-just-icon-wrapper  \"><div class=\"align-icon\" style=\"text-align:center;\">\n<div class=\"aio-icon  \"  style=\"color:#33a83b;font-size:20px;display:inline-block;\">\n\t<i class=\"Defaults-map-marker\"><\/i>\n<\/div><\/div><\/div><span class='hotspot-tooltip-content'>&lt;\/p&gt;\n&lt;h5 style=&#039;text-align: center;&#039;&gt;&lt;strong&gt;LADRILLO T\u00c9RMICO&lt;\/strong&gt;&lt;\/h5&gt;\n&lt;p style=&#039;text-align: center;&#039;&gt;&lt;a href=&#039;https:\/\/myecobuild.csustentavel.com\/es\/paredes-exteriores\/estrutura\/empresas-tijolos\/&#039;&gt;Ver empresas&lt;\/a&gt;&lt;\/p&gt;\n&lt;p&gt;<\/span>  <\/a> <\/div><!-- ICON WRAP --><\/div><div class='ult-hotspot-item ' style='top:-webkit-calc(19.5413961038961% - 10px);top:-moz-calc(19.5413961038961% - 10px);top:calc(19.5413961038961% - 10px);left: -webkit-calc(23.394495412844037% - 10px);left: -moz-calc(23.394495412844037% - 10px);left: calc(23.394495412844037% - 10px);' >  <div style='z-index: 39;position: relative;'>   <a data-link_style='tootip' data-mycust-id=\"hotspot-tooltip-8905\"  data-ultimate-target='#hotspot-tooltip-8905 .ult-tooltipster-content'  data-responsive-json-new='{\"font-size\":\"desktop:18px;\",\"line-height\":\"\"}' data-tooltip-content-style=\"width:300px;padding:5px;\"data-tooltip-base-style=\"background-color:#f7f9f2;color:#4c4c4c;text-align:center;\" data-bubble-arrow=\"true\" data-tooltipanimation=\"glow\"data-trigger=\"click\"data-tooltip-offsety=\"10\" class='ult-tooltipstered ult-hotspot-tooltip' href='#' data-status='show'><div class=\"ult-just-icon-wrapper  \"><div class=\"align-icon\" style=\"text-align:center;\">\n<div class=\"aio-icon  \"  style=\"color:#33a83b;font-size:20px;display:inline-block;\">\n\t<i class=\"Defaults-map-marker\"><\/i>\n<\/div><\/div><\/div><span class='hotspot-tooltip-content'>&lt;\/p&gt;\n&lt;h5 style=&#039;text-align: center;&#039;&gt;&lt;strong&gt;MARCO&lt;\/strong&gt;&lt;\/h5&gt;\n&lt;p style=&#039;text-align: center;&#039;&gt;&lt;a href=&#039;https:\/\/myecobuild.csustentavel.com\/es\/janelas\/caixilharias\/empresas-caixilharias\/&#039;&gt;Ver empresas&lt;\/a&gt;&lt;\/p&gt;\n&lt;p&gt;<\/span>  <\/a> <\/div><!-- ICON WRAP --><\/div><div class='ult-hotspot-item ' style='top:-webkit-calc(72.50405844155844% - 10px);top:-moz-calc(72.50405844155844% - 10px);top:calc(72.50405844155844% - 10px);left: -webkit-calc(34.63302752293578% - 10px);left: -moz-calc(34.63302752293578% - 10px);left: calc(34.63302752293578% - 10px);' >  <div style='z-index: 39;position: relative;'>   <a data-link_style='tootip' data-mycust-id=\"hotspot-tooltip-1144\"  data-ultimate-target='#hotspot-tooltip-1144 .ult-tooltipster-content'  data-responsive-json-new='{\"font-size\":\"desktop:18px;\",\"line-height\":\"\"}' data-tooltip-content-style=\"width:300px;padding:5px;\"data-tooltip-base-style=\"background-color:#f7f9f2;color:#4c4c4c;text-align:center;\" data-bubble-arrow=\"true\" data-tooltipanimation=\"glow\"data-trigger=\"click\"data-tooltip-offsety=\"10\" class='ult-tooltipstered ult-hotspot-tooltip' href='#' data-status='show'><div class=\"ult-just-icon-wrapper  \"><div class=\"align-icon\" style=\"text-align:center;\">\n<div class=\"aio-icon  \"  style=\"color:#33a83b;font-size:20px;display:inline-block;\">\n\t<i class=\"Defaults-map-marker\"><\/i>\n<\/div><\/div><\/div><span class='hotspot-tooltip-content'>&lt;\/p&gt;\n&lt;h5 style=&#039;text-align: center;&#039;&gt;&lt;strong&gt;REVESTIMIENTO EN CORCHO&lt;\/strong&gt;&lt;\/h5&gt;\n&lt;p style=&#039;text-align: center;&#039;&gt;&lt;a href=&#039;https:\/\/myecobuild.csustentavel.com\/es\/pavimentos-de-interior\/pavimentos-em-cortica\/empresas-pavimentos-em-cortica\/&#039;&gt;Ver empresas&lt;\/a&gt;&lt;\/p&gt;\n&lt;p&gt;<\/span>  <\/a> <\/div><!-- ICON WRAP --><\/div>\n<\/div>     <div style='color:#000;' data-image='    '><\/div><\/div>[\/vc_column][\/vc_row][vc_row][vc_column][vc_column_text][\/vc_column_text][\/vc_column][\/vc_row]","protected":false},"excerpt":{"rendered":"<p>[vc_row][vc_column][vc_raw_html]JTNDYSUyMGhyZWYlM0QlMjJodHRwJTNBJTJGJTJGbXllY29idWlsZC5jc3VzdGVudGF2ZWwuY29tJTJGJTIyJTNFJTNDJTIwQXRyJUMzJUExcyUzQyUyRmElM0U=[\/vc_raw_html][\/vc_column][\/vc_row][vc_row fullwidth=\u00bbtrue\u00bb][vc_column width=\u00bb1\/2&#8243;][mk_fancy_title color=\u00bb#000000&#8243; size=\u00bb20&#8243; line_height=\u00bb135&#8243; txt_transform=\u00bbnone\u00bb font_family=\u00bbnone\u00bb align=\u00bbcenter\u00bb]El futuro de la sostenibilidad es m\u00e1s eficiente energ\u00e9ticamente d\u00eda tras d\u00eda. Optar por soluciones y equipos con alto ahorro energ\u00e9tico le permite minimizar su consumo y evitar el despilfarro, adem\u00e1s de reducir los costes de electricidad, mejorando los niveles de confort y calidad de vida. [\/mk_fancy_title][\/vc_column][vc_column [&hellip;]<\/p>\n","protected":false},"author":1,"featured_media":0,"parent":361,"menu_order":0,"comment_status":"closed","ping_status":"closed","template":"","meta":{"_acf_changed":false,"footnotes":""},"class_list":["post-4695","page","type-page","status-publish","hentry"],"acf":[],"_links":{"self":[{"href":"https:\/\/myecobuild.csustentavel.com\/es\/wp-json\/wp\/v2\/pages\/4695"}],"collection":[{"href":"https:\/\/myecobuild.csustentavel.com\/es\/wp-json\/wp\/v2\/pages"}],"about":[{"href":"https:\/\/myecobuild.csustentavel.com\/es\/wp-json\/wp\/v2\/types\/page"}],"author":[{"embeddable":true,"href":"https:\/\/myecobuild.csustentavel.com\/es\/wp-json\/wp\/v2\/users\/1"}],"replies":[{"embeddable":true,"href":"https:\/\/myecobuild.csustentavel.com\/es\/wp-json\/wp\/v2\/comments?post=4695"}],"version-history":[{"count":6,"href":"https:\/\/myecobuild.csustentavel.com\/es\/wp-json\/wp\/v2\/pages\/4695\/revisions"}],"predecessor-version":[{"id":4703,"href":"https:\/\/myecobuild.csustentavel.com\/es\/wp-json\/wp\/v2\/pages\/4695\/revisions\/4703"}],"up":[{"embeddable":true,"href":"https:\/\/myecobuild.csustentavel.com\/es\/wp-json\/wp\/v2\/pages\/361"}],"wp:attachment":[{"href":"https:\/\/myecobuild.csustentavel.com\/es\/wp-json\/wp\/v2\/media?parent=4695"}],"curies":[{"name":"wp","href":"https:\/\/api.w.org\/{rel}","templated":true}]}}