{"id":4742,"date":"2023-07-21T15:34:05","date_gmt":"2023-07-21T15:34:05","guid":{"rendered":"https:\/\/myecobuild.csustentavel.com\/?page_id=4742"},"modified":"2023-07-21T15:34:05","modified_gmt":"2023-07-21T15:34:05","slug":"ledvance-ecoprodutos","status":"publish","type":"page","link":"https:\/\/myecobuild.csustentavel.com\/es\/ledvance-ecoprodutos\/","title":{"rendered":"LEDVANCE | ECOPRODUCTOS"},"content":{"rendered":"[vc_row][vc_column][vc_raw_html]JTNDYSUyMGhyZWYlM0QlMjJqYXZhc2NyaXB0JTNBaGlzdG9yeS5nbyUyOC0xJTI5JTIyJTNFJTNDJTIwQXRyJUMzJUExcyUzQyUyRmElM0U=[\/vc_raw_html][mk_fancy_title size=\u00bb28&#8243; font_family=\u00bbnone\u00bb]DOWNLIGHT UGR 19<br \/>\n[\/mk_fancy_title][vc_single_image image=\u00bb4756&#8243; img_size=\u00bbfull\u00bb][mk_fancy_title size=\u00bb20&#8243; font_family=\u00bbnone\u00bb]<strong>Sustentabilidad<\/strong>[\/mk_fancy_title][vc_column_text css=\u00bb.vc_custom_1689693979665{margin-bottom: 0px !important;}\u00bb]\n<p style=\"text-align: center;\"><span style=\"font-weight: 400;\">El Downlight LED para instalaci\u00f3n empotrada, que proporciona una iluminaci\u00f3n eficiente y duradera. Los materiales de excelente calidad lo convierten en la elecci\u00f3n correcta en oficinas y otros lugares donde se requiere una iluminaci\u00f3n sin deslumbramiento.<\/span><\/p>\n[\/vc_column_text][mk_fancy_title size=\u00bb20&#8243; font_family=\u00bbnone\u00bb]<strong>Caracteristicas<\/strong>[\/mk_fancy_title][vc_column_text css=\u00bb.vc_custom_1689694007386{margin-bottom: 0px !important;}\u00bb]\n<p style=\"text-align: center;\"><span style=\"font-weight: 400;\">Cuerpo de aluminio con reflector met\u00e1lico<br \/>\n<\/span><span style=\"font-weight: 400;\">Protecci\u00f3n IP54 (exterior) \/ IP20 (interior)<br \/>\n<\/span><span style=\"font-weight: 400;\">Posibilidad de replantar<br \/>\n<\/span><span style=\"font-weight: 400;\">Disponible con controlador de encendido\/apagado, controlador DALI 2.0 IoT o Zigbee 3.0<\/span><\/p>\n[\/vc_column_text][mk_fancy_title size=\u00bb20&#8243; font_family=\u00bbnone\u00bb]<strong>Aplicaciones<\/strong>[\/mk_fancy_title][vc_column_text css=\u00bb.vc_custom_1689694013920{margin-bottom: 0px !important;}\u00bb]\n<p style=\"text-align: center;\"><span style=\"font-weight: 400;\">Downlight ideal para aplicaciones de oficina, especialmente para lugares de trabajo con monitores. Downlight UGR19 tambi\u00e9n es una opci\u00f3n adecuada para entradas y pasillos, ba\u00f1os, cocinas y espacios exteriores protegidos debido a IP54.<\/span><\/p>\n[\/vc_column_text][\/vc_column][\/vc_row][vc_row][vc_column][mk_padding_divider size=\u00bb60&#8243;][mk_fancy_title size=\u00bb28&#8243; font_family=\u00bbnone\u00bb]ESPECIAL A PRUEBA DE HUMEDAD<br \/>\n[\/mk_fancy_title][vc_single_image image=\u00bb4755&#8243; img_size=\u00bbfull\u00bb][mk_fancy_title size=\u00bb20&#8243; font_family=\u00bbnone\u00bb]<strong>Sustentabilidad<\/strong>[\/mk_fancy_title][vc_column_text css=\u00bb.vc_custom_1689694055506{margin-bottom: 0px !important;}\u00bb]\n<p style=\"text-align: center;\"><span style=\"font-weight: 400;\">Esta luminaria totalmente resistente al agua con un dise\u00f1o elegante para una iluminaci\u00f3n eficiente y duradera en los entornos m\u00e1s duros. Tambi\u00e9n se caracteriza por su versatilidad, ya que est\u00e1 equipado con cableado de l\u00ednea continua.<\/span><\/p>\n[\/vc_column_text][mk_fancy_title size=\u00bb20&#8243; font_family=\u00bbnone\u00bb]<strong>Caracteristicas<\/strong>[\/mk_fancy_title][vc_column_text css=\u00bb.vc_custom_1689694069873{margin-bottom: 0px !important;}\u00bb]\n<p style=\"text-align: center;\"><span style=\"font-weight: 400;\">Cuerpo estanco en PMMA y resistente al amon\u00edaco<br \/>\n<\/span><span style=\"font-weight: 400;\">Protecci\u00f3n: IP67 e IP69K<br \/>\n<\/span><span style=\"font-weight: 400;\">Mediante el montaje orientable, la luminaria se puede posicionar para una mejor direcci\u00f3n de la luz<br \/>\n<\/span><span style=\"font-weight: 400;\">5 a\u00f1os de garant\u00eda<\/span><\/p>\n[\/vc_column_text][mk_fancy_title size=\u00bb20&#8243; font_family=\u00bbnone\u00bb]<strong>Aplicaciones<\/strong>[\/mk_fancy_title][vc_column_text css=\u00bb.vc_custom_1689694085810{margin-bottom: 0px !important;}\u00bb]\n<p style=\"text-align: center;\"><span style=\"font-weight: 400;\">Industria de alimentos<br \/>\n<\/span><span style=\"font-weight: 400;\">Aparcamientos al aire libre y pasos subterr\u00e1neos<br \/>\n<\/span><span style=\"font-weight: 400;\">Garajes<br \/>\n<\/span><span style=\"font-weight: 400;\">Talleres, l\u00edneas de montaje.<\/span><\/p>\n[\/vc_column_text][\/vc_column][\/vc_row][vc_row][vc_column][mk_padding_divider size=\u00bb60&#8243;][mk_fancy_title size=\u00bb28&#8243; font_family=\u00bbnone\u00bb]LINEAL INDIVIDUAL DIRECTO[\/mk_fancy_title][vc_single_image image=\u00bb4757&#8243; img_size=\u00bbfull\u00bb][mk_fancy_title size=\u00bb20&#8243; font_family=\u00bbnone\u00bb]<strong>Sustentabilidad<\/strong>[\/mk_fancy_title][vc_column_text css=\u00bb.vc_custom_1689694111105{margin-bottom: 0px !important;}\u00bb]\n<p style=\"text-align: center;\"><span style=\"font-weight: 400;\">Esta luminaria LED en dise\u00f1o SCALE es una soluci\u00f3n de iluminaci\u00f3n eficiente y duradera para oficinas y escuelas. De forma lineal, con emisi\u00f3n de luz directa, su instalaci\u00f3n puede ser de superficie o suspendida (kit de suspensi\u00f3n como accesorio).<\/span><\/p>\n[\/vc_column_text][mk_fancy_title size=\u00bb20&#8243; font_family=\u00bbnone\u00bb]<strong>Caracteristicas<\/strong>[\/mk_fancy_title][vc_column_text css=\u00bb.vc_custom_1689694140859{margin-bottom: 0px !important;}\u00bb]\n<p style=\"text-align: center;\"><span style=\"font-weight: 400;\">Cuerpo de aluminio<br \/>\n<\/span><span style=\"font-weight: 400;\"> Cada LED con lente y reflector individual para UGR \u2264 16 y distribuci\u00f3n homog\u00e9nea de la luz<br \/>\n<\/span><span style=\"font-weight: 400;\"> 5 a\u00f1os de garant\u00eda (excepto versi\u00f3n de emergencia: 3 a\u00f1os)<\/span><\/p>\n[\/vc_column_text][mk_fancy_title size=\u00bb20&#8243; font_family=\u00bbnone\u00bb]<strong>Aplicaciones<\/strong>[\/mk_fancy_title][vc_column_text css=\u00bb.vc_custom_1689694205115{margin-bottom: 0px !important;}\u00bb]\n<p style=\"text-align: center;\"><span style=\"font-weight: 400;\">Oficinas, escuelas<br \/>\n<\/span><span style=\"font-weight: 400;\"> Iluminaci\u00f3n interior general<br \/>\n<\/span><span style=\"font-weight: 400;\"> Pasillos, zonas de entrada<br \/>\n<\/span><span style=\"font-weight: 400;\"> Iluminaci\u00f3n de l\u00ednea continua, sin sombras<\/span><\/p>\n[\/vc_column_text][vc_single_image image=\u00bb2872&#8243; img_size=\u00bbfull\u00bb][\/vc_column][\/vc_row][vc_row][vc_column][mk_fancy_title size=\u00bb20&#8243; font_family=\u00bbnone\u00bb]\n<p style=\"text-align: center;\" align=\"LEFT\">LEDVANCE<\/p>\n<p style=\"text-align: center;\" align=\"LEFT\">Estrada do Semin\u00e1rio, n\u00ba. 4 \u2013 Alfrapark \u2013 Edif. C,<\/p>\n<p style=\"text-align: center;\" align=\"LEFT\">Piso 3 \u2013 2610-171 Amadora,\u00a0Portugal<\/p>\n<p style=\"text-align: center;\" align=\"LEFT\">Telf +351 214 165 860<\/p>\n[\/mk_fancy_title][\/vc_column][\/vc_row]","protected":false},"excerpt":{"rendered":"<p>[vc_row][vc_column][vc_raw_html]JTNDYSUyMGhyZWYlM0QlMjJqYXZhc2NyaXB0JTNBaGlzdG9yeS5nbyUyOC0xJTI5JTIyJTNFJTNDJTIwQXRyJUMzJUExcyUzQyUyRmElM0U=[\/vc_raw_html][mk_fancy_title size=\u00bb28&#8243; font_family=\u00bbnone\u00bb]DOWNLIGHT UGR 19 [\/mk_fancy_title][vc_single_image image=\u00bb4756&#8243; img_size=\u00bbfull\u00bb][mk_fancy_title size=\u00bb20&#8243; font_family=\u00bbnone\u00bb]Sustentabilidad[\/mk_fancy_title][vc_column_text css=\u00bb.vc_custom_1689693979665{margin-bottom: 0px !important;}\u00bb] El Downlight LED para instalaci\u00f3n empotrada, que proporciona una iluminaci\u00f3n eficiente y duradera. Los materiales de excelente calidad lo convierten en la elecci\u00f3n correcta en oficinas y otros lugares donde se requiere una iluminaci\u00f3n sin deslumbramiento. [\/vc_column_text][mk_fancy_title size=\u00bb20&#8243; font_family=\u00bbnone\u00bb]Caracteristicas[\/mk_fancy_title][vc_column_text css=\u00bb.vc_custom_1689694007386{margin-bottom: 0px !important;}\u00bb] [&hellip;]<\/p>\n","protected":false},"author":1,"featured_media":0,"parent":0,"menu_order":0,"comment_status":"closed","ping_status":"closed","template":"","meta":{"_acf_changed":false,"footnotes":""},"class_list":["post-4742","page","type-page","status-publish","hentry"],"acf":[],"_links":{"self":[{"href":"https:\/\/myecobuild.csustentavel.com\/es\/wp-json\/wp\/v2\/pages\/4742"}],"collection":[{"href":"https:\/\/myecobuild.csustentavel.com\/es\/wp-json\/wp\/v2\/pages"}],"about":[{"href":"https:\/\/myecobuild.csustentavel.com\/es\/wp-json\/wp\/v2\/types\/page"}],"author":[{"embeddable":true,"href":"https:\/\/myecobuild.csustentavel.com\/es\/wp-json\/wp\/v2\/users\/1"}],"replies":[{"embeddable":true,"href":"https:\/\/myecobuild.csustentavel.com\/es\/wp-json\/wp\/v2\/comments?post=4742"}],"version-history":[{"count":2,"href":"https:\/\/myecobuild.csustentavel.com\/es\/wp-json\/wp\/v2\/pages\/4742\/revisions"}],"predecessor-version":[{"id":4759,"href":"https:\/\/myecobuild.csustentavel.com\/es\/wp-json\/wp\/v2\/pages\/4742\/revisions\/4759"}],"wp:attachment":[{"href":"https:\/\/myecobuild.csustentavel.com\/es\/wp-json\/wp\/v2\/media?parent=4742"}],"curies":[{"name":"wp","href":"https:\/\/api.w.org\/{rel}","templated":true}]}}