{"id":4760,"date":"2023-07-21T16:20:42","date_gmt":"2023-07-21T16:20:42","guid":{"rendered":"https:\/\/myecobuild.csustentavel.com\/?page_id=4760"},"modified":"2023-07-21T16:39:16","modified_gmt":"2023-07-21T16:39:16","slug":"iluminacao","status":"publish","type":"page","link":"https:\/\/myecobuild.csustentavel.com\/es\/iluminacao\/","title":{"rendered":"Iluminaci\u00f3n"},"content":{"rendered":"[vc_row][vc_column][vc_raw_html]JTNDYSUyMGhyZWYlM0QlMjJodHRwJTNBJTJGJTJGbXllY29idWlsZC5jc3VzdGVudGF2ZWwuY29tJTJGJTIyJTNFJTNDJTIwQXRyJUMzJUExcyUzQyUyRmElM0U=[\/vc_raw_html][\/vc_column][\/vc_row][vc_row fullwidth=\u00bbtrue\u00bb][vc_column width=\u00bb1\/2&#8243;][mk_fancy_title color=\u00bb#000000&#8243; size=\u00bb20&#8243; line_height=\u00bb135&#8243; txt_transform=\u00bbnone\u00bb font_family=\u00bbnone\u00bb align=\u00bbcenter\u00bb]<span style=\"font-weight: 400;\">La iluminaci\u00f3n LED es actualmente la tecnolog\u00eda m\u00e1s eficiente para el ahorro energ\u00e9tico, reduciendo el consumo y asegurando los mismos niveles de luminosidad que otras soluciones. Adem\u00e1s, tiene altos niveles de durabilidad y contribuye menos a la calefacci\u00f3n de espacios.<\/span>[\/mk_fancy_title][\/vc_column][vc_column width=\u00bb1\/2&#8243;]<div class='ult_hotspot_container ult-adjust-bottom-margin ult-hotspot-tooltip-wrapper ' style=>  <img class='ult_hotspot_image' src=https:\/\/myecobuild.csustentavel.com\/wp-content\/uploads\/2023\/07\/ledvance_imagem1-1.png alt='null'\/>     <div class='utl-hotspot-items ult-hotspot-item'><div class='ult-hotspot-item ' style='top:-webkit-calc(23.982245337159256% - 20px);top:-moz-calc(23.982245337159256% - 20px);top:calc(23.982245337159256% - 20px);left: -webkit-calc(21.53980152027027% - 20px);left: -moz-calc(21.53980152027027% - 20px);left: calc(21.53980152027027% - 20px);' >  <div style='z-index: 39;position: relative;'>   <a data-link_style='tootip' data-mycust-id=\"hotspot-tooltip-6318\"  data-ultimate-target='#hotspot-tooltip-6318 .ult-tooltipster-content'  data-responsive-json-new='{\"font-size\":\"desktop:18px;\",\"line-height\":\"\"}' data-tooltip-content-style=\"width:300px;padding:5px;\"data-tooltip-base-style=\"background-color:#f7f9f2;color:#4c4c4c;text-align:center;\" data-bubble-arrow=\"true\" data-tooltipanimation=\"glow\"data-trigger=\"click\"data-tooltip-offsety=\"20\" class='ult-tooltipstered ult-hotspot-tooltip' href='#' data-status='show'><div class=\"ult-just-icon-wrapper  \"><div class=\"align-icon\" style=\"text-align:center;\">\n<div class=\"aio-icon  \"  style=\"color:#f43711;font-size:40px;display:inline-block;\">\n\t<i class=\"Defaults-map-marker\"><\/i>\n<\/div><\/div><\/div><span class='hotspot-tooltip-content'>\n&lt;h5 style=&#039;text-align: center;&#039;&gt;&lt;strong&gt;LINEAL INDIVIDUAL DIRECTO &lt;\/strong&gt;&lt;\/h5&gt;\n&lt;p style=&#039;text-align: center;&#039;&gt;&lt;a href=&#039;https:\/\/myecobuild.csustentavel.com\/es\/empresas-iluminacao\/&#039;&gt;Ver empresas&lt;\/a&gt;&lt;\/p&gt;\n&lt;p&gt;<\/span>  <\/a> <\/div><!-- ICON WRAP --> <div class='ult-glow' style=&quot;background-color:#eeee22&quot;><\/div><\/div><div class='ult-hotspot-item ' style='top:-webkit-calc(32.185202205882355% - 10px);top:-moz-calc(32.185202205882355% - 10px);top:calc(32.185202205882355% - 10px);left: -webkit-calc(92.34727036395147% - 10px);left: -moz-calc(92.34727036395147% - 10px);left: calc(92.34727036395147% - 10px);' >  <div style='z-index: 39;position: relative;'>   <a data-link_style='tootip' data-mycust-id=\"hotspot-tooltip-8518\"  data-ultimate-target='#hotspot-tooltip-8518 .ult-tooltipster-content'  data-responsive-json-new='{\"font-size\":\"desktop:18px;\",\"line-height\":\"\"}' data-tooltip-content-style=\"width:300px;padding:5px;\"data-tooltip-base-style=\"background-color:#f7f9f2;color:#4c4c4c;text-align:center;\" data-bubble-arrow=\"true\" data-tooltipanimation=\"glow\"data-trigger=\"click\"data-tooltip-offsety=\"10\" class='ult-tooltipstered ult-hotspot-tooltip' href='#' data-status='show'><div class=\"ult-just-icon-wrapper  \"><div class=\"align-icon\" style=\"text-align:center;\">\n<div class=\"aio-icon  \"  style=\"color:#33a83b;font-size:20px;display:inline-block;\">\n\t<i class=\"Defaults-map-marker\"><\/i>\n<\/div><\/div><\/div><span class='hotspot-tooltip-content'>&lt;\/p&gt;\n&lt;h5 style=&#039;text-align: center;&#039;&gt;AISLAMIENTO EN CORCHO&lt;\/h5&gt;\n&lt;p style=&#039;text-align: center;&#039;&gt;&lt;a href=&#039;https:\/\/myecobuild.csustentavel.com\/es\/paredes-interiores\/isolamento-interior\/empresas-cortica\/&#039;&gt;Ver empresas&lt;\/a&gt;&lt;\/p&gt;\n&lt;p&gt;<\/span>  <\/a> <\/div><!-- ICON WRAP --><\/div><div class='ult-hotspot-item ' style='top:-webkit-calc(63.577665441176464% - 10px);top:-moz-calc(63.577665441176464% - 10px);top:calc(63.577665441176464% - 10px);left: -webkit-calc(48.15316291161179% - 10px);left: -moz-calc(48.15316291161179% - 10px);left: calc(48.15316291161179% - 10px);' >  <div style='z-index: 39;position: relative;'>   <a data-link_style='tootip' data-mycust-id=\"hotspot-tooltip-1405\"  data-ultimate-target='#hotspot-tooltip-1405 .ult-tooltipster-content'  data-responsive-json-new='{\"font-size\":\"desktop:18px;\",\"line-height\":\"\"}' data-tooltip-content-style=\"width:300px;padding:5px;\"data-tooltip-base-style=\"background-color:#f7f9f2;color:#4c4c4c;text-align:center;\" data-bubble-arrow=\"true\" data-tooltipanimation=\"glow\"data-trigger=\"click\"data-tooltip-offsety=\"10\" class='ult-tooltipstered ult-hotspot-tooltip' href='#' data-status='show'><div class=\"ult-just-icon-wrapper  \"><div class=\"align-icon\" style=\"text-align:center;\">\n<div class=\"aio-icon  \"  style=\"color:#33a83b;font-size:20px;display:inline-block;\">\n\t<i class=\"Defaults-map-marker\"><\/i>\n<\/div><\/div><\/div><span class='hotspot-tooltip-content'>&lt;\/p&gt;\n&lt;h5 style=&#039;text-align: center;&#039;&gt;REVESTIMIENTO EN CORCHO&lt;\/h5&gt;\n&lt;p style=&#039;text-align: center;&#039;&gt;&lt;a href=&#039;https:\/\/myecobuild.csustentavel.com\/es\/pavimentos-de-interior\/pavimentos-em-cortica\/empresas-pavimentos-em-cortica\/&#039;&gt;Ver empresas&lt;\/a&gt;&lt;\/p&gt;\n&lt;p&gt;<\/span>  <\/a> <\/div><!-- ICON WRAP --><\/div><div class='ult-hotspot-item ' style='top:-webkit-calc(40.420496323529406% - 10px);top:-moz-calc(40.420496323529406% - 10px);top:calc(40.420496323529406% - 10px);left: -webkit-calc(29.78227902946274% - 10px);left: -moz-calc(29.78227902946274% - 10px);left: calc(29.78227902946274% - 10px);' >  <div style='z-index: 39;position: relative;'>   <a data-link_style='tootip' data-mycust-id=\"hotspot-tooltip-3784\"  data-ultimate-target='#hotspot-tooltip-3784 .ult-tooltipster-content'  data-responsive-json-new='{\"font-size\":\"desktop:18px;\",\"line-height\":\"\"}' data-tooltip-content-style=\"width:300px;padding:5px;\"data-tooltip-base-style=\"background-color:#f7f9f2;color:#4c4c4c;text-align:center;\" data-bubble-arrow=\"true\" data-tooltipanimation=\"glow\"data-trigger=\"click\"data-tooltip-offsety=\"10\" class='ult-tooltipstered ult-hotspot-tooltip' href='#' data-status='show'><div class=\"ult-just-icon-wrapper  \"><div class=\"align-icon\" style=\"text-align:center;\">\n<div class=\"aio-icon  \"  style=\"color:#33a83b;font-size:20px;display:inline-block;\">\n\t<i class=\"Defaults-map-marker\"><\/i>\n<\/div><\/div><\/div><span class='hotspot-tooltip-content'>&lt;\/p&gt;\n&lt;h5 style=&#039;text-align: center;&#039;&gt;REVESTIMIENTO DE CER\u00c1MICA&lt;\/h5&gt;\n&lt;p style=&#039;text-align: center;&#039;&gt;&lt;a href=&#039;https:\/\/myecobuild.csustentavel.com\/es\/empresas-pavimentos-interior-ceramicos\/&#039;&gt;Ver empresas&lt;\/a&gt;&lt;\/p&gt;\n&lt;p&gt;<\/span>  <\/a> <\/div><!-- ICON WRAP --><\/div><div class='ult-hotspot-item ' style='top:-webkit-calc(41.0983455882353% - 10px);top:-moz-calc(41.0983455882353% - 10px);top:calc(41.0983455882353% - 10px);left: -webkit-calc(68.25714904679376% - 10px);left: -moz-calc(68.25714904679376% - 10px);left: calc(68.25714904679376% - 10px);' >  <div style='z-index: 39;position: relative;'>   <a data-link_style='tootip' data-mycust-id=\"hotspot-tooltip-6401\"  data-ultimate-target='#hotspot-tooltip-6401 .ult-tooltipster-content'  data-responsive-json-new='{\"font-size\":\"desktop:18px;\",\"line-height\":\"\"}' data-tooltip-content-style=\"width:300px;padding:5px;\"data-tooltip-base-style=\"background-color:#f7f9f2;color:#4c4c4c;text-align:center;\" data-bubble-arrow=\"true\" data-tooltipanimation=\"glow\"data-trigger=\"click\"data-tooltip-offsety=\"10\" class='ult-tooltipstered ult-hotspot-tooltip' href='#' data-status='show'><div class=\"ult-just-icon-wrapper  \"><div class=\"align-icon\" style=\"text-align:center;\">\n<div class=\"aio-icon  \"  style=\"color:#33a83b;font-size:20px;display:inline-block;\">\n\t<i class=\"Defaults-map-marker\"><\/i>\n<\/div><\/div><\/div><span class='hotspot-tooltip-content'>&lt;\/p&gt;\n&lt;h5 style=&#039;text-align: center;&#039;&gt;PLACA DE YESO&lt;\/h5&gt;\n&lt;p style=&#039;text-align: center;&#039;&gt;&lt;a href=&#039;https:\/\/myecobuild.csustentavel.com\/es\/paredes-interiores\/revestimento-interior\/empresas-perfis-de-aco-e-placa-de-gesso\/&#039;&gt;Ver empresas&lt;\/a&gt;&lt;\/p&gt;\n&lt;p&gt;<\/span>  <\/a> <\/div><!-- ICON WRAP --><\/div>\n<\/div>     <div style='color:#000;' data-image='    '><\/div><\/div>[\/vc_column][\/vc_row][vc_row][vc_column][vc_column_text][\/vc_column_text][\/vc_column][\/vc_row]","protected":false},"excerpt":{"rendered":"<p>[vc_row][vc_column][vc_raw_html]JTNDYSUyMGhyZWYlM0QlMjJodHRwJTNBJTJGJTJGbXllY29idWlsZC5jc3VzdGVudGF2ZWwuY29tJTJGJTIyJTNFJTNDJTIwQXRyJUMzJUExcyUzQyUyRmElM0U=[\/vc_raw_html][\/vc_column][\/vc_row][vc_row fullwidth=\u00bbtrue\u00bb][vc_column width=\u00bb1\/2&#8243;][mk_fancy_title color=\u00bb#000000&#8243; size=\u00bb20&#8243; line_height=\u00bb135&#8243; txt_transform=\u00bbnone\u00bb font_family=\u00bbnone\u00bb align=\u00bbcenter\u00bb]La iluminaci\u00f3n LED es actualmente la tecnolog\u00eda m\u00e1s eficiente para el ahorro energ\u00e9tico, reduciendo el consumo y asegurando los mismos niveles de luminosidad que otras soluciones. Adem\u00e1s, tiene altos niveles de durabilidad y contribuye menos a la calefacci\u00f3n de espacios.[\/mk_fancy_title][\/vc_column][vc_column width=\u00bb1\/2&#8243;][\/vc_column][\/vc_row][vc_row][vc_column][vc_column_text][\/vc_column_text][\/vc_column][\/vc_row]<\/p>\n","protected":false},"author":1,"featured_media":0,"parent":0,"menu_order":0,"comment_status":"closed","ping_status":"closed","template":"","meta":{"_acf_changed":false,"footnotes":""},"class_list":["post-4760","page","type-page","status-publish","hentry"],"acf":[],"_links":{"self":[{"href":"https:\/\/myecobuild.csustentavel.com\/es\/wp-json\/wp\/v2\/pages\/4760"}],"collection":[{"href":"https:\/\/myecobuild.csustentavel.com\/es\/wp-json\/wp\/v2\/pages"}],"about":[{"href":"https:\/\/myecobuild.csustentavel.com\/es\/wp-json\/wp\/v2\/types\/page"}],"author":[{"embeddable":true,"href":"https:\/\/myecobuild.csustentavel.com\/es\/wp-json\/wp\/v2\/users\/1"}],"replies":[{"embeddable":true,"href":"https:\/\/myecobuild.csustentavel.com\/es\/wp-json\/wp\/v2\/comments?post=4760"}],"version-history":[{"count":6,"href":"https:\/\/myecobuild.csustentavel.com\/es\/wp-json\/wp\/v2\/pages\/4760\/revisions"}],"predecessor-version":[{"id":4768,"href":"https:\/\/myecobuild.csustentavel.com\/es\/wp-json\/wp\/v2\/pages\/4760\/revisions\/4768"}],"wp:attachment":[{"href":"https:\/\/myecobuild.csustentavel.com\/es\/wp-json\/wp\/v2\/media?parent=4760"}],"curies":[{"name":"wp","href":"https:\/\/api.w.org\/{rel}","templated":true}]}}