{"id":4884,"date":"2024-01-22T10:37:04","date_gmt":"2024-01-22T10:37:04","guid":{"rendered":"https:\/\/myecobuild.csustentavel.com\/?page_id=4884"},"modified":"2024-01-22T11:22:38","modified_gmt":"2024-01-22T11:22:38","slug":"equitone-ecoprodutos","status":"publish","type":"page","link":"https:\/\/myecobuild.csustentavel.com\/es\/equitone-ecoprodutos\/","title":{"rendered":"EQUITONE | ECOPRODUCTOS"},"content":{"rendered":"[vc_row][vc_column][mk_padding_divider size=\u00bb60&#8243;][mk_fancy_title size=\u00bb28&#8243; font_family=\u00bbnone\u00bb]EQUITONE [tectiva][\/mk_fancy_title][vc_single_image image=\u00bb4889&#8243; img_size=\u00bbfull\u00bb][mk_fancy_title size=\u00bb20&#8243; font_family=\u00bbnone\u00bb]<strong>Sustentabilidad<\/strong>[\/mk_fancy_title][vc_column_text css=\u00bb.vc_custom_1610106095310{margin-bottom: 0px !important;}\u00bb]\n<p style=\"text-align: center;\">Es un producto con las certificaciones Cradle to Cradle\u00ae Bronze y EPD. Su aplicaci\u00f3n contribuye para obtener cr\u00e9ditos aplicables en las certificaciones BREEAM y LEED. En EQUITONE, nos dedicamos a reutilizar y reciclar todos nuestros materiales, d\u00e1ndoles una segunda vida. Con tu ayuda, queremos ir m\u00e1s all\u00e1 y replantear la forma en que son dise\u00f1ados y utilizados, reduciendo nuestro consumo de recursos naturales y minimizando los residuos.\n<\/p>\n[\/vc_column_text][mk_fancy_title size=\u00bb20&#8243; font_family=\u00bbnone\u00bb]<strong>Caracteristicas<\/strong>[\/mk_fancy_title][vc_column_text css=\u00bb.vc_custom_1610106134854{margin-bottom: 0px !important;}\u00bb]\n<p style=\"text-align: center;\">Se trata de un material de grandes dimensiones, coloreado en masa, en formato de panel, con l\u00edneas finas y efecto arenoso. Visualmente cementoso, vivo, din\u00e1mico. Tiene un tacto rugoso, t\u00edpico del fibrocemento no pulido.\n<\/p>\n[\/vc_column_text][mk_fancy_title size=\u00bb20&#8243; font_family=\u00bbnone\u00bb]<strong>Aplicaciones<\/strong>[\/mk_fancy_title][vc_column_text css=\u00bb.vc_custom_1610106162934{margin-bottom: 0px !important;}\u00bb]\n<p style=\"text-align: center;\">Revestimientos de fachada ventilada exterior, paredes interiores, techos, elementos perimetrales y de control de luz.\n<\/p>\n[\/vc_column_text][vc_single_image image=\u00bb4891&#8243; img_size=\u00bbfull\u00bb][\/vc_column][\/vc_row][vc_row][vc_column][mk_padding_divider size=\u00bb60&#8243;][mk_fancy_title size=\u00bb28&#8243; font_family=\u00bbnone\u00bb]EQUITONE [natura]\n[\/mk_fancy_title][vc_single_image image=\u00bb4894&#8243; img_size=\u00bbfull\u00bb][mk_fancy_title size=\u00bb20&#8243; font_family=\u00bbnone\u00bb]<strong>Sustentabilidad<\/strong>[\/mk_fancy_title][vc_column_text css=\u00bb.vc_custom_1610106245547{margin-bottom: 0px !important;}\u00bb]\n<p style=\"text-align: center;\">Es un producto con las certificaciones Cradle to Cradle\u00ae Bronze y EPD. Su aplicaci\u00f3n contribuye a obtener cr\u00e9ditos aplicables en las certificaciones BREEAM y LEED. En EQUITONE, nos dedicamos a reutilizar y reciclar todos nuestros materiales, d\u00e1ndoles una segunda vida. Con tu ayuda, queremos ir m\u00e1s all\u00e1 y repensar la forma en que son concebidos y utilizados, reduciendo nuestro consumo de recursos naturales y minimizando los residuos.<\/p>\n[\/vc_column_text][mk_fancy_title size=\u00bb20&#8243; font_family=\u00bbnone\u00bb]<strong>Caracteristicas<\/strong>[\/mk_fancy_title][vc_column_text css=\u00bb.vc_custom_1610106280190{margin-bottom: 0px !important;}\u00bb]\n<p style=\"text-align: center;\">Material coloreado en masa, que muestra sutilmente la matriz pura del fibrocemento. Las ramificaciones creadas por las fibras visibles, junto con su suave tacto sedoso y su color mate, le confieren una elegancia \u00fanica. Protecci\u00f3n anti-graffiti en su versi\u00f3n [natura] PRO.\n<\/p>\n[\/vc_column_text][mk_fancy_title size=\u00bb20&#8243; font_family=\u00bbnone\u00bb]<strong>Aplicaciones<\/strong>[\/mk_fancy_title][vc_column_text css=\u00bb.vc_custom_1610106299158{margin-bottom: 0px !important;}\u00bb]\n<p style=\"text-align: center;\">Revestimientos de fachada ventilada exterior, paredes interiores, techos, elementos perimetrales y de control de luz.<\/p>\n[\/vc_column_text][vc_single_image image=\u00bb4891&#8243; img_size=\u00bbfull\u00bb][\/vc_column][\/vc_row][vc_row][vc_column][mk_padding_divider size=\u00bb60&#8243;][mk_fancy_title size=\u00bb28&#8243; font_family=\u00bbnone\u00bb]EQUITONE [linea][\/mk_fancy_title][vc_single_image image=\u00bb4897&#8243; img_size=\u00bbfull\u00bb][mk_fancy_title size=\u00bb20&#8243; font_family=\u00bbnone\u00bb]<strong>Sustentabilidad<\/strong>[\/mk_fancy_title][vc_column_text css=\u00bb.vc_custom_1610105940505{margin-bottom: 0px !important;}\u00bb]\n<p style=\"text-align: center;\">Es un producto con las certificaciones Cradle to Cradle\u00ae Bronze y EPD. Su aplicaci\u00f3n contribuye para obtener cr\u00e9ditos aplicables en las certificaciones BREEAM y LEED. En EQUITONE, nos dedicamos a reutilizar y reciclar todos nuestros materiales, d\u00e1ndoles una segunda vida. Con tu ayuda, queremos ir m\u00e1s all\u00e1 y replantear la forma en que son dise\u00f1ados y utilizados, reduciendo nuestro consumo de recursos naturales y minimizando los residuos.\n<\/p>\n[\/vc_column_text][mk_fancy_title size=\u00bb20&#8243; font_family=\u00bbnone\u00bb]<strong>Caracteristicas<\/strong>[\/mk_fancy_title][vc_column_text css=\u00bb.vc_custom_1610105977479{margin-bottom: 0px !important;}\u00bb]\n<p style=\"text-align: center;\">Es un material \u00fanico. Coloreado en masa y moldeado en 3D, juega con la luz y la sombra. El panel tiene una geometr\u00eda lineal que revela la textura interior de los componentes de fibrocemento. En cada momento del d\u00eda, el cambio de \u00e1ngulo de la luz otorga a la fachada un aspecto diferente\n<\/p>\n[\/vc_column_text][mk_fancy_title size=\u00bb20&#8243; font_family=\u00bbnone\u00bb]<strong>Aplicaciones<\/strong>[\/mk_fancy_title][vc_column_text css=\u00bb.vc_custom_1610106004943{margin-bottom: 0px !important;}\u00bb]\n<p style=\"text-align: center;\">Revestimientos de fachada ventilada exterior, paredes interiores, techos, elementos perimetrales y de control de luz.<\/p>\n[\/vc_column_text][vc_single_image image=\u00bb4891&#8243; img_size=\u00bbfull\u00bb][\/vc_column][\/vc_row][vc_row][vc_column][mk_fancy_title size=\u00bb20&#8243; font_family=\u00bbnone\u00bb]\n<p style=\"text-align: center;\" align=\"LEFT\"><a href=\"https:\/\/www.equitone.com\/es\" target=\"_blank\" rel=\"noopener\">EQUITONE<\/a><\/p>\n<p style=\"text-align: center;\" align=\"LEFT\">Centro log\u00edstico en la Pen\u00ednsula Ib\u00e9rica: Parque Empresarial de Portillo A-601 Segovia<\/p>\n<p style=\"text-align: center;\" align=\"LEFT\">Valladolid, Km. 21, 47160 Portillo, Valladolid. | B\u00e9lgica<\/p>\n<p style=\"text-align: center;\" align=\"LEFT\">Telf +351 913 048 695<\/p>\n[\/mk_fancy_title][\/vc_column][\/vc_row]","protected":false},"excerpt":{"rendered":"<p>[vc_row][vc_column][mk_padding_divider size=\u00bb60&#8243;][mk_fancy_title size=\u00bb28&#8243; font_family=\u00bbnone\u00bb]EQUITONE [tectiva][\/mk_fancy_title][vc_single_image image=\u00bb4889&#8243; img_size=\u00bbfull\u00bb][mk_fancy_title size=\u00bb20&#8243; font_family=\u00bbnone\u00bb]Sustentabilidad[\/mk_fancy_title][vc_column_text css=\u00bb.vc_custom_1610106095310{margin-bottom: 0px !important;}\u00bb] Es un producto con las certificaciones Cradle to Cradle\u00ae Bronze y EPD. Su aplicaci\u00f3n contribuye para obtener cr\u00e9ditos aplicables en las certificaciones BREEAM y LEED. En EQUITONE, nos dedicamos a reutilizar y reciclar todos nuestros materiales, d\u00e1ndoles una segunda vida. Con tu ayuda, [&hellip;]<\/p>\n","protected":false},"author":1,"featured_media":0,"parent":0,"menu_order":0,"comment_status":"closed","ping_status":"closed","template":"","meta":{"_acf_changed":false,"footnotes":""},"class_list":["post-4884","page","type-page","status-publish","hentry"],"acf":[],"_links":{"self":[{"href":"https:\/\/myecobuild.csustentavel.com\/es\/wp-json\/wp\/v2\/pages\/4884"}],"collection":[{"href":"https:\/\/myecobuild.csustentavel.com\/es\/wp-json\/wp\/v2\/pages"}],"about":[{"href":"https:\/\/myecobuild.csustentavel.com\/es\/wp-json\/wp\/v2\/types\/page"}],"author":[{"embeddable":true,"href":"https:\/\/myecobuild.csustentavel.com\/es\/wp-json\/wp\/v2\/users\/1"}],"replies":[{"embeddable":true,"href":"https:\/\/myecobuild.csustentavel.com\/es\/wp-json\/wp\/v2\/comments?post=4884"}],"version-history":[{"count":16,"href":"https:\/\/myecobuild.csustentavel.com\/es\/wp-json\/wp\/v2\/pages\/4884\/revisions"}],"predecessor-version":[{"id":4906,"href":"https:\/\/myecobuild.csustentavel.com\/es\/wp-json\/wp\/v2\/pages\/4884\/revisions\/4906"}],"wp:attachment":[{"href":"https:\/\/myecobuild.csustentavel.com\/es\/wp-json\/wp\/v2\/media?parent=4884"}],"curies":[{"name":"wp","href":"https:\/\/api.w.org\/{rel}","templated":true}]}}