{"id":840,"date":"2018-06-24T20:57:23","date_gmt":"2018-06-24T20:57:23","guid":{"rendered":"http:\/\/myecobuild.csustentavel.com\/?page_id=840"},"modified":"2021-02-18T18:57:41","modified_gmt":"2021-02-18T18:57:41","slug":"empresas-pavimentos-madeira","status":"publish","type":"page","link":"https:\/\/myecobuild.csustentavel.com\/es\/pavimentos-de-exterior\/empresas-pavimentos-madeira\/","title":{"rendered":"Empresas Pavimentos Madera"},"content":{"rendered":"[vc_row][vc_column][vc_raw_html css=\u00bb.vc_custom_1613674650410{margin-bottom: 0px !important;}\u00bb]JTNDYSUyMGhyZWYlM0QlMjJqYXZhc2NyaXB0JTNBaGlzdG9yeS5nbyUyOC0xJTI5JTIyJTNFJTNDJTIwQXRyJUMzJUExcyUzQyUyRmElM0U=[\/vc_raw_html][mk_employees style=\u00bbclassic\u00bb column=\u00bb1&#8243; custom_image_size=\u00bbtrue\u00bb image_size=\u00bbfull\u00bb count=\u00bb-1&#8243; order=\u00bbASC\u00bb orderby=\u00bbtitle\u00bb categories=\u00bbempresas-pavimentos-madeira\u00bb][vc_empty_space height=\u00bb5px\u00bb][vc_column_text css=\u00bb.vc_custom_1613674658353{margin-bottom: 0px !important;}\u00bb]\n<p style=\"text-align: center;\">Para obtener m\u00e1s informaci\u00f3n, visite el<br \/>\n<strong><a href=\"http:\/\/www.csustentavel.com\/es\/\" target=\"_blank\" rel=\"noopener\">PORTAL DE LA CONSTRUCCI\u00d3N SOSTENIBLE<\/a><\/strong><\/p>\n[\/vc_column_text][\/vc_column][\/vc_row]","protected":false},"excerpt":{"rendered":"<p>[vc_row][vc_column][vc_raw_html css=\u00bb.vc_custom_1613674650410{margin-bottom: 0px !important;}\u00bb]JTNDYSUyMGhyZWYlM0QlMjJqYXZhc2NyaXB0JTNBaGlzdG9yeS5nbyUyOC0xJTI5JTIyJTNFJTNDJTIwQXRyJUMzJUExcyUzQyUyRmElM0U=[\/vc_raw_html][mk_employees style=\u00bbclassic\u00bb column=\u00bb1&#8243; custom_image_size=\u00bbtrue\u00bb image_size=\u00bbfull\u00bb count=\u00bb-1&#8243; order=\u00bbASC\u00bb orderby=\u00bbtitle\u00bb categories=\u00bbempresas-pavimentos-madeira\u00bb][vc_empty_space height=\u00bb5px\u00bb][vc_column_text css=\u00bb.vc_custom_1613674658353{margin-bottom: 0px !important;}\u00bb] Para obtener m\u00e1s informaci\u00f3n, visite el PORTAL DE LA CONSTRUCCI\u00d3N SOSTENIBLE [\/vc_column_text][\/vc_column][\/vc_row]<\/p>\n","protected":false},"author":3,"featured_media":0,"parent":815,"menu_order":0,"comment_status":"closed","ping_status":"closed","template":"","meta":{"_acf_changed":false,"footnotes":""},"class_list":["post-840","page","type-page","status-publish","hentry"],"acf":[],"_links":{"self":[{"href":"https:\/\/myecobuild.csustentavel.com\/es\/wp-json\/wp\/v2\/pages\/840"}],"collection":[{"href":"https:\/\/myecobuild.csustentavel.com\/es\/wp-json\/wp\/v2\/pages"}],"about":[{"href":"https:\/\/myecobuild.csustentavel.com\/es\/wp-json\/wp\/v2\/types\/page"}],"author":[{"embeddable":true,"href":"https:\/\/myecobuild.csustentavel.com\/es\/wp-json\/wp\/v2\/users\/3"}],"replies":[{"embeddable":true,"href":"https:\/\/myecobuild.csustentavel.com\/es\/wp-json\/wp\/v2\/comments?post=840"}],"version-history":[{"count":7,"href":"https:\/\/myecobuild.csustentavel.com\/es\/wp-json\/wp\/v2\/pages\/840\/revisions"}],"predecessor-version":[{"id":3561,"href":"https:\/\/myecobuild.csustentavel.com\/es\/wp-json\/wp\/v2\/pages\/840\/revisions\/3561"}],"up":[{"embeddable":true,"href":"https:\/\/myecobuild.csustentavel.com\/es\/wp-json\/wp\/v2\/pages\/815"}],"wp:attachment":[{"href":"https:\/\/myecobuild.csustentavel.com\/es\/wp-json\/wp\/v2\/media?parent=840"}],"curies":[{"name":"wp","href":"https:\/\/api.w.org\/{rel}","templated":true}]}}