{"id":881,"date":"2018-06-26T23:34:15","date_gmt":"2018-06-26T23:34:15","guid":{"rendered":"http:\/\/myecobuild.csustentavel.com\/?page_id=881"},"modified":"2020-09-01T14:22:36","modified_gmt":"2020-09-01T14:22:36","slug":"coloque-nos-a-sua-duvida","status":"publish","type":"page","link":"https:\/\/myecobuild.csustentavel.com\/es\/coloque-nos-a-sua-duvida\/","title":{"rendered":"H\u00e1ganos su pregunta"},"content":{"rendered":"[vc_row][vc_column][vc_empty_space height=\u00bb15px\u00bb][mk_fancy_title size=\u00bb18&#8243; txt_transform=\u00bbnone\u00bb margin_bottom=\u00bb0&#8243; font_family=\u00bbnone\u00bb align=\u00bbcenter\u00bb]\n<p class=\"p1\">\u00bfTienes alguna duda sobre construcci\u00f3n \/ patolog\u00edas en edificios que quieras plantearnos? Env\u00edenos una imagen que pueda ilustrar su pregunta.<br \/>\nResponderemos en un plazo m\u00e1ximo de 72 horas.<\/p>\n[\/mk_fancy_title][vc_empty_space height=\u00bb15px\u00bb][dhvc_form id=\u00bb880&#8243;][vc_empty_space height=\u00bb15px\u00bb][\/vc_column][\/vc_row]","protected":false},"excerpt":{"rendered":"<p>[vc_row][vc_column][vc_empty_space height=\u00bb15px\u00bb][mk_fancy_title size=\u00bb18&#8243; txt_transform=\u00bbnone\u00bb margin_bottom=\u00bb0&#8243; font_family=\u00bbnone\u00bb align=\u00bbcenter\u00bb] \u00bfTienes alguna duda sobre construcci\u00f3n \/ patolog\u00edas en edificios que quieras plantearnos? Env\u00edenos una imagen que pueda ilustrar su pregunta. Responderemos en un plazo m\u00e1ximo de 72 horas. [\/mk_fancy_title][vc_empty_space height=\u00bb15px\u00bb][dhvc_form id=\u00bb880&#8243;][vc_empty_space height=\u00bb15px\u00bb][\/vc_column][\/vc_row]<\/p>\n","protected":false},"author":1,"featured_media":0,"parent":0,"menu_order":0,"comment_status":"closed","ping_status":"closed","template":"","meta":{"_acf_changed":false,"footnotes":""},"class_list":["post-881","page","type-page","status-publish","hentry"],"acf":[],"_links":{"self":[{"href":"https:\/\/myecobuild.csustentavel.com\/es\/wp-json\/wp\/v2\/pages\/881"}],"collection":[{"href":"https:\/\/myecobuild.csustentavel.com\/es\/wp-json\/wp\/v2\/pages"}],"about":[{"href":"https:\/\/myecobuild.csustentavel.com\/es\/wp-json\/wp\/v2\/types\/page"}],"author":[{"embeddable":true,"href":"https:\/\/myecobuild.csustentavel.com\/es\/wp-json\/wp\/v2\/users\/1"}],"replies":[{"embeddable":true,"href":"https:\/\/myecobuild.csustentavel.com\/es\/wp-json\/wp\/v2\/comments?post=881"}],"version-history":[{"count":17,"href":"https:\/\/myecobuild.csustentavel.com\/es\/wp-json\/wp\/v2\/pages\/881\/revisions"}],"predecessor-version":[{"id":2514,"href":"https:\/\/myecobuild.csustentavel.com\/es\/wp-json\/wp\/v2\/pages\/881\/revisions\/2514"}],"wp:attachment":[{"href":"https:\/\/myecobuild.csustentavel.com\/es\/wp-json\/wp\/v2\/media?parent=881"}],"curies":[{"name":"wp","href":"https:\/\/api.w.org\/{rel}","templated":true}]}}